{"id":6,"date":"2021-08-23T11:07:38","date_gmt":"2021-08-23T14:07:38","guid":{"rendered":"http:\/\/neuroronan.com\/dr\/?page_id=6"},"modified":"2024-07-27T21:47:19","modified_gmt":"2024-07-28T00:47:19","slug":"home","status":"publish","type":"page","link":"https:\/\/neuroronan.com\/dr\/","title":{"rendered":"Home"},"content":{"rendered":"\n<div class=\"wp-block-cover alignfull is-light\" style=\"min-height:203px;aspect-ratio:unset;\"><span aria-hidden=\"true\" class=\"wp-block-cover__background has-background-dim\" style=\"background-color:#c4ebfb\"><\/span><img loading=\"lazy\" decoding=\"async\" width=\"2560\" height=\"1882\" class=\"wp-block-cover__image-background wp-image-36\" alt=\"\" src=\"https:\/\/neuroronan.com\/dr\/wp-content\/uploads\/2021\/08\/3d-medical-background-with-a-male-figure-with-brain-and-virus-cells-scaled.jpg\" style=\"object-position:4% 9%\" data-object-fit=\"cover\" data-object-position=\"4% 9%\" srcset=\"https:\/\/neuroronan.com\/dr\/wp-content\/uploads\/2021\/08\/3d-medical-background-with-a-male-figure-with-brain-and-virus-cells-scaled.jpg 2560w, https:\/\/neuroronan.com\/dr\/wp-content\/uploads\/2021\/08\/3d-medical-background-with-a-male-figure-with-brain-and-virus-cells-300x221.jpg 300w, https:\/\/neuroronan.com\/dr\/wp-content\/uploads\/2021\/08\/3d-medical-background-with-a-male-figure-with-brain-and-virus-cells-1024x753.jpg 1024w, https:\/\/neuroronan.com\/dr\/wp-content\/uploads\/2021\/08\/3d-medical-background-with-a-male-figure-with-brain-and-virus-cells-768x565.jpg 768w\" sizes=\"(max-width: 2560px) 100vw, 2560px\" \/><div class=\"wp-block-cover__inner-container is-layout-flow wp-block-cover-is-layout-flow\">\n<p><\/p>\n\n\n\n<h1 class=\"wp-block-heading has-text-align-center has-neve-link-color-color has-text-color has-large-font-size\">NEUROLOGIA E NEUROPEDIATRIA<\/h1>\n\n\n\n<h1 class=\"wp-block-heading has-text-align-center has-neve-link-color-color has-text-color has-large-font-size\">COM ESPECIALIDADE NEUROVASCULAR<\/h1>\n\n\n\n<p class=\"has-text-align-center has-neve-link-color-color has-text-color\" style=\"font-size:25px\">Dr. Ronan J. Vieira Neto<\/p>\n\n\n\n<p class=\"has-text-align-center has-neve-link-color-color has-text-color\" style=\"font-size:17px\">CRM 161.754<\/p>\n\n\n\n<p class=\"has-text-align-center has-neve-link-color-color has-text-color\">RQE 65878<\/p>\n\n\n\n<p><\/p>\n\n\n\n<p><\/p>\n<\/div><\/div>\n\n\n\n<hr class=\"wp-block-separator has-text-color has-nv-text-dark-bg-color has-css-opacity has-nv-text-dark-bg-background-color has-background\"\/>\n\n\n\n<div class=\"wp-block-columns is-layout-flex wp-container-core-columns-is-layout-1 wp-block-columns-is-layout-flex\">\n<div class=\"wp-block-column is-vertically-aligned-center is-layout-flow wp-block-column-is-layout-flow\"><div class=\"wp-block-image is-resized icon-style is-style-default\">\n<figure class=\"aligncenter size-large\"><img loading=\"lazy\" decoding=\"async\" width=\"846\" height=\"1024\" src=\"https:\/\/neuroronan.com\/dr\/wp-content\/uploads\/2021\/08\/Rosot-Cerebo-846x1024.png\" alt=\"\" class=\"wp-image-46\" style=\"width:122px;height:auto\" srcset=\"https:\/\/neuroronan.com\/dr\/wp-content\/uploads\/2021\/08\/Rosot-Cerebo-846x1024.png 846w, https:\/\/neuroronan.com\/dr\/wp-content\/uploads\/2021\/08\/Rosot-Cerebo-248x300.png 248w, https:\/\/neuroronan.com\/dr\/wp-content\/uploads\/2021\/08\/Rosot-Cerebo-768x930.png 768w, https:\/\/neuroronan.com\/dr\/wp-content\/uploads\/2021\/08\/Rosot-Cerebo.png 853w\" sizes=\"(max-width: 846px) 100vw, 846px\" \/><\/figure><\/div>\n\n\n<p class=\"has-text-align-center\">Voc\u00ea sabia que doen\u00e7as vasculares do sistema nervoso central s\u00e3o a principal causa de sequelas no mundo?<\/p>\n<\/div>\n<\/div>\n\n\n\n<figure class=\"wp-block-pullquote is-style-default has-border-color has-text-color\" style=\"border-color:var(--nv-primary-accent);color:#000000\"><blockquote><p><strong>Principais Doen\u00e7as Neurovasculares<\/strong><\/p><cite>AVC (&#8220;derrame&#8221;) isqu\u00eamico e hemorr\u00e1gico<br>Aneurismas cerebrais<br>Malforma\u00e7\u00f5es arteriovenosas<br>Dissec\u00e7\u00f5es arteriais<br>Tromboses Venosas Cerebrais<br>Ateromatose de vasos<br>Doen\u00e7as inflamat\u00f3rias dos vasos cerebrais<br>Acidentes<\/cite><\/blockquote><\/figure>\n\n\n\n<div class=\"wp-block-cover alignfull\" style=\"min-height:617px;aspect-ratio:unset;\" id=\"Formacao\"><span aria-hidden=\"true\" class=\"wp-block-cover__background has-nv-light-bg-background-color has-background-dim-100 has-background-dim\"><\/span><div class=\"wp-block-cover__inner-container is-layout-flow wp-block-cover-is-layout-flow\">\n<div class=\"wp-block-group\"><div class=\"wp-block-group__inner-container is-layout-flow wp-block-group-is-layout-flow\">\n<div class=\"wp-block-columns is-layout-flex wp-container-core-columns-is-layout-2 wp-block-columns-is-layout-flex\">\n<div class=\"wp-block-column is-vertically-aligned-center is-layout-flow wp-block-column-is-layout-flow\" style=\"flex-basis:50%\"><div class=\"wp-block-image\">\n<figure class=\"aligncenter size-large\"><img loading=\"lazy\" decoding=\"async\" width=\"899\" height=\"1024\" src=\"https:\/\/neuroronan.com\/dr\/wp-content\/uploads\/2022\/01\/Foto-Dr-Ronan-899x1024.jpeg\" alt=\"\" class=\"wp-image-221\" srcset=\"https:\/\/neuroronan.com\/dr\/wp-content\/uploads\/2022\/01\/Foto-Dr-Ronan-899x1024.jpeg 899w, https:\/\/neuroronan.com\/dr\/wp-content\/uploads\/2022\/01\/Foto-Dr-Ronan-263x300.jpeg 263w, https:\/\/neuroronan.com\/dr\/wp-content\/uploads\/2022\/01\/Foto-Dr-Ronan-768x875.jpeg 768w, https:\/\/neuroronan.com\/dr\/wp-content\/uploads\/2022\/01\/Foto-Dr-Ronan.jpeg 1124w\" sizes=\"(max-width: 899px) 100vw, 899px\" \/><\/figure><\/div><\/div>\n\n\n\n<div class=\"wp-block-column is-vertically-aligned-center is-layout-flow wp-block-column-is-layout-flow\" style=\"flex-basis:50%\">\n<p><\/p>\n\n\n\n<h2 class=\"wp-block-heading has-text-align-left has-neve-text-color-color has-text-color\"><strong>Forma\u00e7\u00e3o<\/strong><\/h2>\n\n\n\n<p class=\"has-text-align-left has-neve-link-color-color has-text-color has-normal-font-size\">\u2022 Gradua\u00e7\u00e3o em Medicina pela Universidade de S\u00e3o Paulo (USP) de 2007 a 2013, <\/p>\n\n\n\n<p class=\"has-text-align-left has-neve-link-color-color has-text-color has-normal-font-size\">\u2022 Resid\u00eancia em Neurologia pela Universidade Estadual de Campinas (UNICAMP) de 2014 a 2017, <\/p>\n\n\n\n<p class=\"has-text-align-left has-neve-link-color-color has-text-color has-normal-font-size\">\u2022 Complementa\u00e7\u00e3o de um ano em Neurologia Pedi\u00e1trica pela UNICAMP de 2017 a 2018, <\/p>\n\n\n\n<p class=\"has-text-align-left has-neve-link-color-color has-text-color has-normal-font-size\">\u2022 Especializa\u00e7\u00e3o (\u201cFellowship cl\u00ednico\u201d) em Acidente Vascular Cerebral (AVC) na Inf\u00e2ncia e adolesc\u00eancia pelo Hospital for SickChildren de Toronto (SickKids, Universidade de Toronto) de 2018 a 2020 e Especializa\u00e7\u00e3o (\u201cFellowship cl\u00ednico\u201d) em AVC adulto pelo Toronto Western Hospital (Universidade de Toronto) de 2020 a 2021.<\/p>\n\n\n\n<p class=\"has-neve-link-color-color has-text-color has-normal-font-size\">\u2022 Membro da Academia Brasileira de Neurologia (ABN) desde 2016,<\/p>\n\n\n\n<p class=\"has-neve-link-color-color has-text-color has-normal-font-size\">\u2022 Membro da Academia Americana de Neurologia (AAN) desde 2017, Coordenador da Unidade de Refer\u00eancia Vascular Aguda (URVA) neurol\u00f3gica do Hospital Ouro Verde de Campinas em 2017, <\/p>\n\n\n\n<p class=\"has-neve-link-color-color has-text-color has-normal-font-size\">\u2022 Experi\u00eancia profissional em emerg\u00eancia m\u00e9dicas desde 2013, <\/p>\n\n\n\n<p class=\"has-neve-link-color-color has-text-color has-normal-font-size\">\u2022 Membro da equipe de neurologia do Hospital Centro M\u00e9dico, em Campinas, e da Equipe de Teleneurologia do Grupo Am\u00e9ricas em S\u00e3o Paulo.<\/p>\n\n\n\n<p class=\"has-neve-link-color-color has-text-color has-normal-font-size\"> \u2022 Membro da Equipe de Teleneurologia do Grupo Am\u00e9ricas em S\u00e3o Paulo. <\/p>\n\n\n\n<p class=\"has-neve-link-color-color has-text-color has-normal-font-size\"> \u2022 Membro da equipe de retaguarda de neurologia pedi\u00e1trica do Hospital S\u00edrio Liban\u00eas, em S\u00e3o Paulo. <\/p>\n<\/div>\n<\/div>\n<\/div><\/div>\n\n\n\n<p><\/p>\n<\/div><\/div>\n\n\n\n<div class=\"wp-block-cover alignfull\" style=\"min-height:600px;aspect-ratio:unset;\"><span aria-hidden=\"true\" class=\"wp-block-cover__background has-nv-text-dark-bg-background-color has-background-dim-100 has-background-dim\"><\/span><div class=\"wp-block-cover__inner-container is-layout-flow wp-block-cover-is-layout-flow\">\n<div class=\"wp-block-group\"><div class=\"wp-block-group__inner-container is-layout-flow wp-block-group-is-layout-flow\">\n<div style=\"height:1px\" aria-hidden=\"true\" class=\"wp-block-spacer\"><\/div>\n\n\n\n<div class=\"wp-block-columns are-vertically-aligned-center is-layout-flex wp-container-core-columns-is-layout-3 wp-block-columns-is-layout-flex\" id=\"Atuacao\">\n<div class=\"wp-block-column is-vertically-aligned-center is-layout-flow wp-block-column-is-layout-flow\" style=\"flex-basis:50%\">\n<h2 class=\"wp-block-heading has-text-align-left has-neve-text-color-color has-text-color\">Atua\u00e7\u00e3o<\/h2>\n\n\n\n<p class=\"has-neve-link-color-color has-text-color\">Tenho especializa\u00e7\u00e3o em Acidente Vascular Cerebral (AVC) de todas as idades, e tenho interesse especial em cuidar e tratar AVC em crian\u00e7as e de adultos jovens, que frequentemente possuem causas menos comuns para suas condi\u00e7\u00f5es neurovasculares, e demandam diagn\u00f3stico, tratamento e acompanhamento individualizados.<\/p>\n\n\n\n<p class=\"has-neve-link-color-color has-text-color\">Com treinamento formal no SickKids (Hospital for Sick Children) e no Toronto Western Hospital, ambos referencia mundial em cuidado hiperagudo e cr\u00f4nico de AVC infantil e adulto, tive oportunidade de trazer para o Brasil uma experiencia in\u00e9dita com doen\u00e7as neurovasculares.<\/p>\n\n\n\n<p class=\"has-neve-link-color-color has-text-color\">Iniciei trabalho no Brasil com a Universidade Estadual de Campinas (UNICAMP) no ambulat\u00f3rio Neurovascular infantil (volunt\u00e1rio), assim comona USP no Instituto da Crian\u00e7a no ambulat\u00f3rio Neurovascular infantil (volunt\u00e1rio), cuidado de AVC agudo e cr\u00f4nico em outros servi\u00e7os, e tenho planos de ajudar a estabelecer um servi\u00e7o especializado em AVC, com cuidado hiperagudo e cr\u00f4nico, em que seja poss\u00edvel prestar assist\u00eancia e contribuir para o avan\u00e7o do conhecimento cient\u00edfico nessa \u00e1rea, e manter as tentativas de chamar aten\u00e7\u00e3o da popula\u00e7\u00e3o para reconhecimento e suporte do AVC em pessoas jovens.<\/p>\n<\/div>\n\n\n\n<div class=\"wp-block-column is-vertically-aligned-center has-nv-text-dark-bg-background-color has-background is-layout-flow wp-block-column-is-layout-flow\" style=\"flex-basis:50%\"><div class=\"wp-block-image is-resized\">\n<figure class=\"aligncenter size-full\"><img loading=\"lazy\" decoding=\"async\" width=\"138\" height=\"270\" src=\"https:\/\/neuroronan.com\/dr\/wp-content\/uploads\/2021\/08\/Cerebro.png\" alt=\"\" class=\"wp-image-70\" style=\"width:217px;height:auto\"\/><\/figure><\/div><\/div>\n<\/div>\n<\/div><\/div>\n\n\n\n<p><\/p>\n<\/div><\/div>\n\n\n\n<div class=\"wp-block-group alignfull has-nv-light-bg-background-color has-background\"><div class=\"wp-block-group__inner-container is-layout-flow wp-block-group-is-layout-flow\">\n<p><\/p>\n\n\n\n<h2 class=\"wp-block-heading has-text-align-right has-neve-link-color-color has-nv-light-bg-background-color has-text-color has-background\">Muito al\u00e9m da Neurologia Vascular<\/h2>\n\n\n\n<div class=\"wp-block-columns alignwide are-vertically-aligned-top is-layout-flex wp-container-core-columns-is-layout-5 wp-block-columns-is-layout-flex\">\n<div class=\"wp-block-column is-vertically-aligned-top is-layout-flow wp-block-column-is-layout-flow\" style=\"flex-basis:50%\">\n<figure class=\"wp-block-image size-full is-resized\"><img loading=\"lazy\" decoding=\"async\" width=\"750\" height=\"450\" src=\"https:\/\/neuroronan.com\/dr\/wp-content\/uploads\/2022\/06\/epilepsy-4.webp\" alt=\"\" class=\"wp-image-252\" srcset=\"https:\/\/neuroronan.com\/dr\/wp-content\/uploads\/2022\/06\/epilepsy-4.webp 750w, https:\/\/neuroronan.com\/dr\/wp-content\/uploads\/2022\/06\/epilepsy-4-300x180.webp 300w\" sizes=\"(max-width: 750px) 100vw, 750px\" \/><\/figure>\n\n\n\n<div class=\"wp-block-columns is-layout-flex wp-container-core-columns-is-layout-4 wp-block-columns-is-layout-flex\">\n<div class=\"wp-block-column is-layout-flow wp-block-column-is-layout-flow\" style=\"flex-basis:100%\">\n<div class=\"wp-block-group is-nowrap is-layout-flex wp-container-core-group-is-layout-3 wp-block-group-is-layout-flex\"><\/div>\n<\/div>\n<\/div>\n<\/div>\n\n\n\n<div class=\"wp-block-column is-layout-flow wp-block-column-is-layout-flow\" style=\"flex-basis:50%\">\n<p class=\"has-text-align-right\">Al\u00e9m de atendimentos voltados \u00e0 neurologia vascular, tamb\u00e9m atendo diversas outras queixas comuns em neurologia e neuropediatria. Queixas como atraso de fala em crian\u00e7as, suspeita de <strong>autismo, TDAH, dores de cabe\u00e7a, fraqueza, tontura e at\u00e9 crises convulsivas <\/strong>s\u00e3o apenas algumas das mais frequentes atendidas no consult\u00f3rio.<\/p>\n\n\n\n<p><\/p>\n\n\n\n<p class=\"has-text-align-right\">Os atendimentos s\u00e3o sempre muito individualizados, com seguimento de perto para garantir o melhor resultado poss\u00edvel, sempre baseado nas melhores evid\u00eancias da literatura m\u00e9dica atual.<\/p>\n<\/div>\n<\/div>\n<\/div><\/div>\n\n\n\n<div class=\"wp-block-cover alignfull is-light\" style=\"min-height:408px;aspect-ratio:unset;\" id=\"Telemedicina\"><span aria-hidden=\"true\" class=\"wp-block-cover__background has-background-dim-100 has-background-dim\" style=\"background-color:#e5f6ff\"><\/span><div class=\"wp-block-cover__inner-container is-layout-flow wp-block-cover-is-layout-flow\">\n<div class=\"wp-block-group\"><div class=\"wp-block-group__inner-container is-layout-flow wp-block-group-is-layout-flow\">\n<div class=\"wp-block-columns is-layout-flex wp-container-core-columns-is-layout-6 wp-block-columns-is-layout-flex\">\n<div class=\"wp-block-column is-layout-flow wp-block-column-is-layout-flow\" style=\"flex-basis:50%\">\n<p><\/p>\n\n\n\n<p class=\"has-neve-link-color-color has-text-color has-huge-font-size\"><strong>Telemedicina<\/strong><\/p>\n\n\n\n<p class=\"has-neve-link-color-color has-text-color has-normal-font-size\">Atendimento por telemedicina pode ser mais r\u00e1pido e conveniente para os pacientes. Com a nova realidade da medicina, e possuindo extensa pr\u00e1tica com atendimentos remotos durante treinamento no exterior, ofere\u00e7o atendimentos por telemedicina desde a primeira consulta. E n\u00e3o se preocupe, sempre que indicado, o atendimento seguinte pode ser agendado em at\u00e9 30 dias presencialmente (em S\u00e3o Paulo) como retorno sem custos adicionais.<\/p>\n\n\n\n<p class=\"has-neve-link-color-color has-text-color has-normal-font-size\">Numa \u00e1rea t\u00e3o especializada, a consulta particular com dura\u00e7\u00e3o de 45 a 60 minutos permite oferecer um atendimento de excel\u00eancia, e minhas consultas prezam por conhecer a fundo os principais quadros neurol\u00f3gicos dos pacientes, oferecendo os melhores tratamentos individualizados, baseados nos mais atuais conhecimentos da neurologia.<\/p>\n<\/div>\n\n\n\n<div class=\"wp-block-column is-vertically-aligned-center is-layout-flow wp-block-column-is-layout-flow\" style=\"flex-basis:50%\">\n<p><\/p>\n\n\n<div class=\"wp-block-image is-resized\">\n<figure class=\"aligncenter size-full\"><img loading=\"lazy\" decoding=\"async\" width=\"373\" height=\"664\" src=\"https:\/\/neuroronan.com\/dr\/wp-content\/uploads\/2022\/06\/Telemedicina-edited.png\" alt=\"\" class=\"wp-image-261\" style=\"width:220px;height:auto\" srcset=\"https:\/\/neuroronan.com\/dr\/wp-content\/uploads\/2022\/06\/Telemedicina-edited.png 373w, https:\/\/neuroronan.com\/dr\/wp-content\/uploads\/2022\/06\/Telemedicina-edited-169x300.png 169w\" sizes=\"(max-width: 373px) 100vw, 373px\" \/><\/figure><\/div>\n\n\n<p class=\"has-text-align-center has-neve-link-color-color has-text-color\"><strong>Interessado em agendar?<\/strong><\/p>\n\n\n\n<p class=\"has-text-align-center has-neve-link-color-color has-text-color\"><strong>Clique em contato e preencha o formul\u00e1rio.<\/strong><\/p>\n\n\n\n<p class=\"has-text-align-center has-neve-link-color-color has-text-color\"><strong>Entrarei em contato<\/strong>.<\/p>\n\n\n\n<p><\/p>\n\n\n\n<div class=\"wp-block-buttons is-horizontal is-content-justification-center is-layout-flex wp-container-core-buttons-is-layout-1 wp-block-buttons-is-layout-flex\">\n<div class=\"wp-block-button\"><a class=\"wp-block-button__link wp-element-button\" href=\"https:\/\/neuroronan.com\/dr\/index.php\/contato-telemedicina\/\">Contato Telemedicina<\/a><\/div>\n<\/div>\n<\/div>\n<\/div>\n<\/div><\/div>\n<\/div><\/div>\n\n\n\n<div class=\"wp-block-cover alignfull has-small-font-size\" style=\"min-height:300px;aspect-ratio:unset;\" id=\"Endereco\"><span aria-hidden=\"true\" class=\"wp-block-cover__background has-nv-dark-bg-background-color has-background-dim-100 has-background-dim\"><\/span><div class=\"wp-block-cover__inner-container is-layout-flow wp-block-cover-is-layout-flow\">\n<div class=\"wp-block-group is-vertical is-content-justification-center is-layout-flex wp-container-core-group-is-layout-6 wp-block-group-is-layout-flex\">\n<div class=\"wp-block-columns has-small-font-size is-layout-flex wp-container-core-columns-is-layout-7 wp-block-columns-is-layout-flex\">\n<div class=\"wp-block-column is-layout-flow wp-block-column-is-layout-flow\" style=\"flex-basis:80%\">\n<h1 class=\"wp-block-heading has-text-align-center\"><strong>Inst. Emunah<\/strong><\/h1>\n\n\n\n<p class=\"has-text-align-center\">Av. Marqu\u00eas de S\u00e3o Vicente, 2219 &#8211; V\u00e1rzea da Barra Funda, SP<\/p>\n\n\n\n<p class=\"has-text-align-center\">Whatsapp: (11)3615-2474 ; Tel: (11) 3615-2474<\/p>\n\n\n\n<iframe src=\"https:\/\/www.google.com\/maps\/embed?pb=!1m18!1m12!1m3!1d3657.980904499423!2d-46.672331!3d-23.527254!2m3!1f0!2f0!3f0!3m2!1i1024!2i768!4f13.1!3m3!1m2!1s0x94ce55d3a74ecb21%3A0xc72b3a3df8f2e13a!2sAv.%20Marqu%C3%AAs%20de%20S%C3%A3o%20Vicente%2C%202219%20-%20V%C3%A1rzea%20da%20Barra%20Funda%2C%20S%C3%A3o%20Paulo%20-%20SP%2C%2005036-040!5e0!3m2!1spt-BR!2sbr!4v1627905482492!5m2!1spt-BR!2sbr\" width=\"500\" height=\"300\" style=\"border:0;\" allowfullscreen=\"\" loading=\"lazy\"><\/iframe>\n<\/div>\n\n\n\n<div class=\"wp-block-column has-small-font-size is-layout-flow wp-block-column-is-layout-flow\" style=\"flex-basis:80%\">\n<h1 class=\"wp-block-heading has-text-align-center\"><strong>Clinica<\/strong> <strong>Levy<\/strong><\/h1>\n\n\n\n<p class=\"has-text-align-center\">Avenida Ang\u00e9lica, 688 &#8211; Decimo terceiro Andar. Higien\u00f3polis, SP<\/p>\n\n\n\n<p class=\"has-text-align-center\">Whatsapp: (11) 99979-0505 Tel: (11) 4306-2242<\/p>\n\n\n\n<iframe src=\"https:\/\/www.google.com\/maps\/embed?pb=!1m18!1m12!1m3!1d3657.8245402427287!2d-46.65748138440717!3d-23.53881236664649!2m3!1f0!2f0!3f0!3m2!1i1024!2i768!4f13.1!3m3!1m2!1s0x94ce5927cc60a935%3A0x79b483b56164c19e!2sAv.%20Ang%C3%A9lica%2C%20688%20-%20Higien%C3%B3polis%2C%20S%C3%A3o%20Paulo%20-%20SP%2C%2001228-000!5e0!3m2!1spt-BR!2sbr!4v1629727804671!5m2!1spt-BR!2sbr\" width=\"500\" height=\"300\" style=\"border:0;\" allowfullscreen=\"\" loading=\"lazy\"><\/iframe>\n<\/div>\n<\/div>\n\n\n\n<div class=\"wp-block-buttons is-horizontal is-content-justification-center is-layout-flex wp-container-core-buttons-is-layout-2 wp-block-buttons-is-layout-flex\"><\/div>\n<\/div>\n<\/div><\/div>\n\n\n\n<p><\/p>\n\n\n\n<p><\/p>\n","protected":false},"excerpt":{"rendered":"<p>Voc\u00ea sabia que doen\u00e7as vasculares do sistema nervoso central s\u00e3o a principal causa de sequelas no mundo? Principais Doen\u00e7as Neurovasculares AVC (&#8220;derrame&#8221;) isqu\u00eamico e hemorr\u00e1gicoAneurismas cerebraisMalforma\u00e7\u00f5es arteriovenosasDissec\u00e7\u00f5es arteriaisTromboses Venosas CerebraisAteromatose de vasosDoen\u00e7as inflamat\u00f3rias dos vasos cerebraisAcidentes Muito al\u00e9m da Neurologia Vascular Al\u00e9m de atendimentos voltados \u00e0 neurologia vascular, tamb\u00e9m atendo diversas outras queixas comuns em&hellip;&nbsp;<a href=\"https:\/\/neuroronan.com\/dr\/\" class=\"\" rel=\"bookmark\">Continue a ler &raquo;<span class=\"screen-reader-text\">Home<\/span><\/a><\/p>\n","protected":false},"author":1,"featured_media":0,"parent":0,"menu_order":0,"comment_status":"closed","ping_status":"open","template":"","meta":{"neve_meta_sidebar":"","neve_meta_container":"","neve_meta_enable_content_width":"on","neve_meta_content_width":100,"neve_meta_title_alignment":"","neve_meta_author_avatar":"","neve_post_elements_order":"","neve_meta_disable_header":"","neve_meta_disable_footer":"","neve_meta_disable_title":"on","footnotes":""},"class_list":["post-6","page","type-page","status-publish","hentry"],"_links":{"self":[{"href":"https:\/\/neuroronan.com\/dr\/index.php\/wp-json\/wp\/v2\/pages\/6"}],"collection":[{"href":"https:\/\/neuroronan.com\/dr\/index.php\/wp-json\/wp\/v2\/pages"}],"about":[{"href":"https:\/\/neuroronan.com\/dr\/index.php\/wp-json\/wp\/v2\/types\/page"}],"author":[{"embeddable":true,"href":"https:\/\/neuroronan.com\/dr\/index.php\/wp-json\/wp\/v2\/users\/1"}],"replies":[{"embeddable":true,"href":"https:\/\/neuroronan.com\/dr\/index.php\/wp-json\/wp\/v2\/comments?post=6"}],"version-history":[{"count":121,"href":"https:\/\/neuroronan.com\/dr\/index.php\/wp-json\/wp\/v2\/pages\/6\/revisions"}],"predecessor-version":[{"id":339,"href":"https:\/\/neuroronan.com\/dr\/index.php\/wp-json\/wp\/v2\/pages\/6\/revisions\/339"}],"wp:attachment":[{"href":"https:\/\/neuroronan.com\/dr\/index.php\/wp-json\/wp\/v2\/media?parent=6"}],"curies":[{"name":"wp","href":"https:\/\/api.w.org\/{rel}","templated":true}]}}